{"id":2329,"date":"2024-11-14T13:05:13","date_gmt":"2024-11-14T13:05:13","guid":{"rendered":"https:\/\/autogo-dz.com\/?page_id=2329"},"modified":"2025-01-10T18:20:17","modified_gmt":"2025-01-10T18:20:17","slug":"merci","status":"publish","type":"page","link":"https:\/\/autogo-dz.com\/fr\/merci\/","title":{"rendered":"Merci"},"content":{"rendered":"<div data-elementor-type=\"wp-page\" data-elementor-id=\"2329\" class=\"elementor elementor-2329\" data-elementor-post-type=\"page\">\n\t\t\t\t<div class=\"elementor-element elementor-element-a485c00 e-flex e-con-boxed e-con e-parent\" data-id=\"a485c00\" data-element_type=\"container\" data-e-type=\"container\">\n\t\t\t\t\t<div class=\"e-con-inner\">\n\t\t\t\t<div class=\"elementor-element elementor-element-f1a592b elementor-widget elementor-widget-text-editor\" data-id=\"f1a592b\" data-element_type=\"widget\" data-e-type=\"widget\" data-widget_type=\"text-editor.default\">\n\t\t\t\t<div class=\"elementor-widget-container\">\n\t\t\t\t\t\t\t\t\t<p style=\"text-align: center;\">Nous vous remercions d'avoir choisi notre service de Taxi Alger A\u00e9roport Transferts. Nous appr\u00e9cions la confiance que vous nous t\u00e9moignez en nous confiant le soin de vous fournir un transfert fiable et confortable. Si vous avez des questions ou besoin d`assistance pour vos r\u00e9servations futures, n`h\u00e9sitez pas \u00e0 nous contacter. Nous nous r\u00e9jouissons de vous servir \u00e0 nouveau !<\/p>\t\t\t\t\t\t\t\t<\/div>\n\t\t\t\t<\/div>\n\t\t\t\t<div class=\"elementor-element elementor-element-fb5fe8d elementor-widget elementor-widget-html\" data-id=\"fb5fe8d\" data-element_type=\"widget\" data-e-type=\"widget\" data-widget_type=\"html.default\">\n\t\t\t\t<div class=\"elementor-widget-container\">\n\t\t\t\t\t<script src=\"https:\/\/app.farebookings.com\/iframe-resizer\/iframeResizer.min.js\"><\/script><iframe id='myIframe' src=\"https:\/\/app.farebookings.com\/step1ssl.php?k=2d5be29de2681bd1f2dd0ec8e9947347&s=black&d=pp&lng=gb\" width=\"100%\" height=\"2300px\" frameborder=\"0\" scrolling=\"no\"><\/iframe><script>iFrameResize({ log: true }, '#myIframe')<\/script>\t\t\t\t<\/div>\n\t\t\t\t<\/div>\n\t\t\t\t\t<\/div>\n\t\t\t\t<\/div>\n\t\t\t\t<\/div>","protected":false},"excerpt":{"rendered":"<p>Nous vous remercions d'avoir choisi notre service de Taxi Alger A\u00e9roport Transferts. Nous appr\u00e9cions la confiance que vous nous t\u00e9moignez en nous confiant le soin de vous fournir un transfert fiable et confortable. Si vous avez des questions ou besoin d`assistance pour vos r\u00e9servations futures, n`h\u00e9sitez pas \u00e0 nous contacter. Nous nous r\u00e9jouissons de vous servir \u00e0 nouveau !<\/p>","protected":false},"author":2,"featured_media":0,"parent":0,"menu_order":0,"comment_status":"closed","ping_status":"closed","template":"elementor_header_footer","meta":{"_acf_changed":false,"footnotes":""},"class_list":["post-2329","page","type-page","status-publish","hentry"],"acf":[],"_links":{"self":[{"href":"https:\/\/autogo-dz.com\/fr\/wp-json\/wp\/v2\/pages\/2329","targetHints":{"allow":["GET"]}}],"collection":[{"href":"https:\/\/autogo-dz.com\/fr\/wp-json\/wp\/v2\/pages"}],"about":[{"href":"https:\/\/autogo-dz.com\/fr\/wp-json\/wp\/v2\/types\/page"}],"author":[{"embeddable":true,"href":"https:\/\/autogo-dz.com\/fr\/wp-json\/wp\/v2\/users\/2"}],"replies":[{"embeddable":true,"href":"https:\/\/autogo-dz.com\/fr\/wp-json\/wp\/v2\/comments?post=2329"}],"version-history":[{"count":0,"href":"https:\/\/autogo-dz.com\/fr\/wp-json\/wp\/v2\/pages\/2329\/revisions"}],"wp:attachment":[{"href":"https:\/\/autogo-dz.com\/fr\/wp-json\/wp\/v2\/media?parent=2329"}],"curies":[{"name":"wp","href":"https:\/\/api.w.org\/{rel}","templated":true}]}}