{"id":2128,"date":"2024-11-08T00:48:31","date_gmt":"2024-11-08T00:48:31","guid":{"rendered":"https:\/\/autogo-dz.com\/?page_id=2128"},"modified":"2026-03-22T09:11:10","modified_gmt":"2026-03-22T08:11:10","slug":"reservez-maintenant","status":"publish","type":"page","link":"https:\/\/autogo-dz.com\/fr\/reservez-maintenant\/","title":{"rendered":"R\u00e9servez"},"content":{"rendered":"<div data-elementor-type=\"wp-page\" data-elementor-id=\"2128\" class=\"elementor elementor-2128\" data-elementor-post-type=\"page\">\n\t\t\t\t<div class=\"elementor-element elementor-element-7109183 e-flex e-con-boxed e-con e-parent\" data-id=\"7109183\" data-element_type=\"container\" data-e-type=\"container\">\n\t\t\t\t\t<div class=\"e-con-inner\">\n\t\t<div class=\"elementor-element elementor-element-ba876af e-con-full e-flex e-con e-child\" data-id=\"ba876af\" data-element_type=\"container\" data-e-type=\"container\">\n\t\t<div class=\"elementor-element elementor-element-7620c37 e-con-full e-flex e-con e-child\" data-id=\"7620c37\" data-element_type=\"container\" data-e-type=\"container\">\n\t\t\t\t<div class=\"elementor-element elementor-element-88d4be8 elementor-widget elementor-widget-html\" data-id=\"88d4be8\" data-element_type=\"widget\" data-e-type=\"widget\" data-no-translation=\"\" data-widget_type=\"html.default\">\n\t\t\t\t<div class=\"elementor-widget-container\">\n\t\t\t\t\t<style>.elementor-element-88d4be8{display:none !important}<\/style>\t\t\t\t<\/div>\n\t\t\t\t<\/div>\n\t\t\t\t<div class=\"elementor-element elementor-element-59134be elementor-widget elementor-widget-html\" data-id=\"59134be\" data-element_type=\"widget\" data-e-type=\"widget\" data-no-translation=\"\" data-widget_type=\"html.default\">\n\t\t\t\t<div class=\"elementor-widget-container\">\n\t\t\t\t\t<div data-src=\"https:\/\/cdn.trustindex.io\/loader.js?5a212b154c67866e8266c4e43ec\"><\/div>\t\t\t\t<\/div>\n\t\t\t\t<\/div>\n\t\t\t\t<div class=\"elementor-element elementor-element-70b1e62 elementor-widget elementor-widget-html\" data-id=\"70b1e62\" data-element_type=\"widget\" data-e-type=\"widget\" data-no-translation=\"\" data-widget_type=\"html.default\">\n\t\t\t\t<div class=\"elementor-widget-container\">\n\t\t\t\t\t<style>.elementor-element-70b1e62{display:none !important}<\/style>\t\t\t\t<\/div>\n\t\t\t\t<\/div>\n\t\t\t\t<div class=\"elementor-element elementor-element-b891a4a elementor-widget elementor-widget-html\" data-id=\"b891a4a\" data-element_type=\"widget\" data-e-type=\"widget\" data-no-translation=\"\" data-widget_type=\"html.default\">\n\t\t\t\t<div class=\"elementor-widget-container\">\n\t\t\t\t\t<style>.elementor-element-b891a4a{display:none !important}<\/style>\t\t\t\t<\/div>\n\t\t\t\t<\/div>\n\t\t\t\t<\/div>\n\t\t\t\t<div class=\"elementor-element elementor-element-f1a592b elementor-widget elementor-widget-text-editor\" data-id=\"f1a592b\" data-element_type=\"widget\" data-e-type=\"widget\" data-widget_type=\"text-editor.default\">\n\t\t\t\t<div class=\"elementor-widget-container\">\n\t\t\t\t\t\t\t\t\t<p><span style=\"color: #000000;\">Chez Taxi Algiers Airport by AUTO GO ALG\u00c9RIA, nous combinons harmonieusement un service haut de gamme et des tarifs comp\u00e9titifs pour vous offrir une exp\u00e9rience de voyage exceptionnelle et v\u00e9ritablement in\u00e9gal\u00e9e.<\/span><\/p>\t\t\t\t\t\t\t\t<\/div>\n\t\t\t\t<\/div>\n\t\t\t\t<\/div>\n\t\t\t\t\t<\/div>\n\t\t\t\t<\/div>\n\t\t<div class=\"elementor-element elementor-element-a485c00 e-flex e-con-boxed e-con e-parent\" data-id=\"a485c00\" data-element_type=\"container\" data-e-type=\"container\">\n\t\t\t\t\t<div class=\"e-con-inner\">\n\t\t\t\t<div class=\"elementor-element elementor-element-fb5fe8d elementor-widget elementor-widget-html\" data-id=\"fb5fe8d\" data-element_type=\"widget\" data-e-type=\"widget\" data-no-translation=\"\" data-widget_type=\"html.default\">\n\t\t\t\t<div class=\"elementor-widget-container\">\n\t\t\t\t\t<style>.elementor-element-fb5fe8d{display:none !important}<\/style>\t\t\t\t<\/div>\n\t\t\t\t<\/div>\n\t\t\t\t<div class=\"elementor-element elementor-element-b988362 elementor-widget elementor-widget-html\" data-id=\"b988362\" data-element_type=\"widget\" data-e-type=\"widget\" data-no-translation=\"\" data-widget_type=\"html.default\">\n\t\t\t\t<div class=\"elementor-widget-container\">\n\t\t\t\t\t<script src=\"https:\/\/app.autogo-dz.com\/iframe-resizer\/iframeResizer.min.js\"><\/script><iframe id='myIframe2' src=\"https:\/\/app.autogo-dz.com\/step1ssl.php?k=333d8c1618b1e9113fd504a50436d5f0&s=f&d=pp&lng=fr\" width=\"100%\" height=\"1400px\" frameborder=\"0\" scrolling=\"no\"><\/iframe><script>iFrameResize({ log: true }, '#myIframe2')<\/script>\t\t\t\t<\/div>\n\t\t\t\t<\/div>\n\t\t\t\t<div class=\"elementor-element elementor-element-aca70f4 elementor-widget elementor-widget-html\" data-id=\"aca70f4\" data-element_type=\"widget\" data-e-type=\"widget\" data-no-translation=\"\" data-widget_type=\"html.default\">\n\t\t\t\t<div class=\"elementor-widget-container\">\n\t\t\t\t\t<style>.elementor-element-aca70f4{display:none !important}<\/style>\t\t\t\t<\/div>\n\t\t\t\t<\/div>\n\t\t\t\t<div class=\"elementor-element elementor-element-a1eef5d elementor-widget elementor-widget-html\" data-id=\"a1eef5d\" data-element_type=\"widget\" data-e-type=\"widget\" data-no-translation=\"\" data-widget_type=\"html.default\">\n\t\t\t\t<div class=\"elementor-widget-container\">\n\t\t\t\t\t<style>.elementor-element-a1eef5d{display:none !important}<\/style>\t\t\t\t<\/div>\n\t\t\t\t<\/div>\n\t\t\t\t\t<\/div>\n\t\t\t\t<\/div>\n\t\t\t\t<\/div>","protected":false},"excerpt":{"rendered":"<p>Chez Taxi Algiers Airport by AUTO GO ALG\u00c9RIA, nous combinons harmonieusement un service haut de gamme et des tarifs comp\u00e9titifs pour vous offrir une exp\u00e9rience de voyage exceptionnelle et v\u00e9ritablement in\u00e9gal\u00e9e.<\/p>","protected":false},"author":2,"featured_media":3407,"parent":0,"menu_order":0,"comment_status":"closed","ping_status":"closed","template":"elementor_header_footer","meta":{"_acf_changed":false,"footnotes":""},"class_list":["post-2128","page","type-page","status-publish","has-post-thumbnail","hentry"],"acf":[],"_links":{"self":[{"href":"https:\/\/autogo-dz.com\/fr\/wp-json\/wp\/v2\/pages\/2128","targetHints":{"allow":["GET"]}}],"collection":[{"href":"https:\/\/autogo-dz.com\/fr\/wp-json\/wp\/v2\/pages"}],"about":[{"href":"https:\/\/autogo-dz.com\/fr\/wp-json\/wp\/v2\/types\/page"}],"author":[{"embeddable":true,"href":"https:\/\/autogo-dz.com\/fr\/wp-json\/wp\/v2\/users\/2"}],"replies":[{"embeddable":true,"href":"https:\/\/autogo-dz.com\/fr\/wp-json\/wp\/v2\/comments?post=2128"}],"version-history":[{"count":0,"href":"https:\/\/autogo-dz.com\/fr\/wp-json\/wp\/v2\/pages\/2128\/revisions"}],"wp:featuredmedia":[{"embeddable":true,"href":"https:\/\/autogo-dz.com\/fr\/wp-json\/wp\/v2\/media\/3407"}],"wp:attachment":[{"href":"https:\/\/autogo-dz.com\/fr\/wp-json\/wp\/v2\/media?parent=2128"}],"curies":[{"name":"wp","href":"https:\/\/api.w.org\/{rel}","templated":true}]}}